{"id":149,"date":"2022-09-22T20:24:13","date_gmt":"2022-09-23T03:24:13","guid":{"rendered":"https:\/\/pagoagprd.wpengine.com\/?page_id=149"},"modified":"2023-01-31T16:35:13","modified_gmt":"2023-02-01T00:35:13","slug":"careers","status":"publish","type":"page","link":"https:\/\/pago.ag\/es\/careers\/","title":{"rendered":"Carreras"},"content":{"rendered":"<section class=\"section has-parallax\" id=\"section_1029372971\">\n\t\t<div class=\"bg section-bg fill bg-fill\" data-parallax-container=\".section\" data-parallax-background data-parallax=\"-4\">\n\n\t\t\t\n\t\t\t<div class=\"section-bg-overlay absolute fill\"><\/div>\n\t\t\t\n\n\t\t<\/div>\n\n\t\t\n\t<div class=\"ux-shape-divider ux-shape-divider--bottom ux-shape-divider--style-curve-invert\">\n\t\t<svg viewbox=\"0 0 1000 100\" xmlns=\"http:\/\/www.w3.org\/2000\/svg\" preserveaspectratio=\"none\">\n\t<path class=\"ux-shape-fill\" d=\"M500 47.0297C184.4 47.0297 -26 100 -26 100H1026C1026 100 815.6 47.0297 500 47.0297ZM1026 -5.94059H-26V-7H1026V-5.94059Z\"\/>\n<\/svg>\n\n\t<\/div>\n\n\t\t<div class=\"section-content relative\">\n\t\t\t\n\n\n  <div class=\"banner has-hover\" id=\"banner-1291186807\">\n          <div class=\"banner-inner fill\">\n        <div class=\"banner-bg fill\" >\n            <div class=\"bg fill bg-fill\"><\/div>\n                                    \n                    <\/div>\n\t\t\n        <div class=\"banner-layers container\">\n            <div class=\"fill banner-link\"><\/div>            \n\n   <div id=\"text-box-294349044\" class=\"text-box banner-layer x50 md-x50 lg-x50 y20 md-y20 lg-y20 res-text\">\n                                <div class=\"text-box-content text dark\">\n              \n              <div class=\"text-inner text-center\">\n                  \n\n<h1 class=\"uppercase\"><strong><span style=\"font-weight: 400;\">\u00danete al equipo<\/span><\/strong><\/h1>\n<p>&nbsp;<\/p>\n\n              <\/div>\n           <\/div>\n                            \n<style>\n#text-box-294349044 .text-inner {\n  padding: 20px 20px 20px 20px;\n}\n#text-box-294349044 {\n  width: 60%;\n}\n#text-box-294349044 .text-box-content {\n  font-size: 100%;\n}\n<\/style>\n    <\/div>\n \n\n        <\/div>\n      <\/div>\n\n              <div class=\"height-fix is-invisible\"><\/div>\n            \n<style>\n#banner-1291186807 {\n  background-color: rgba(2, 2, 2, 0);\n}\n#banner-1291186807 .ux-shape-divider--top svg {\n  height: 150px;\n  --divider-top-width: 100%;\n}\n#banner-1291186807 .ux-shape-divider--bottom svg {\n  height: 150px;\n  --divider-width: 100%;\n}\n<\/style>\n  <\/div>\n\n\n\n\t\t<\/div>\n\n\t\t\n<style>\n#section_1029372971 {\n  padding-top: 0px;\n  padding-bottom: 0px;\n  min-height: 700px;\n}\n#section_1029372971 .section-bg-overlay {\n  background-color: rgba(0, 0, 0, 0.5);\n}\n#section_1029372971 .section-bg.bg-loaded {\n  background-image: url(https:\/\/pago.ag\/wp-content\/uploads\/2022\/09\/pago-group.jpg);\n}\n#section_1029372971 .ux-shape-divider--top svg {\n  height: 150px;\n  --divider-top-width: 100%;\n}\n#section_1029372971 .ux-shape-divider--bottom svg {\n  height: 150px;\n  --divider-width: 100%;\n}\n<\/style>\n\t<\/section>\n\t\n\t<section class=\"section\" id=\"section_41175284\">\n\t\t<div class=\"bg section-bg fill bg-fill  bg-loaded\" >\n\n\t\t\t\n\t\t\t\n\t\t\t\n\n\t\t<\/div>\n\n\t\t\n\n\t\t<div class=\"section-content relative\">\n\t\t\t\n\n<div class=\"row align-middle align-center\"  id=\"row-172176597\">\n\n\n\t<div id=\"col-1350917874\" class=\"col medium-10 small-12 large-10\"  >\n\t\t\t\t<div class=\"col-inner text-left\"  >\n\t\t\t\n\t\t\t\n\n<p>Pago es un inicio de software en etapa de crecimiento que brinda soluciones de gesti\u00f3n de la fuerza laboral y de la cosecha para productores, empresas de gesti\u00f3n agr\u00edcola y contratistas de mano de obra agr\u00edcola. Algunas de las operaciones agr\u00edcolas de c\u00edtricos, uvas de mesa, bayas, nueces y hortalizas m\u00e1s grandes e innovadoras del oeste de los Estados Unidos conf\u00edan en Pago. Todos los d\u00edas, miles de trabajadores agr\u00edcolas ingresan a la plataforma Pago y conf\u00edan en Pago para recibir sus pagos con precisi\u00f3n y de conformidad con todas las leyes de salarios y horas agr\u00edcolas. Todos los d\u00edas, Pago protege a los empleadores agr\u00edcolas de demandas por salarios y horas. Pago est\u00e1 financiado por l\u00edderes de la industria agr\u00edcola y est\u00e1 preparado para un r\u00e1pido crecimiento en todo Estados Unidos e internacionalmente. El producto y la empresa Pago est\u00e1n evolucionando r\u00e1pidamente para servir a nuestros clientes y buscar oportunidades de mercado. Las personas que se unan al equipo de Pago pueden esperar una carrera r\u00e1pida, desafiante y gratificante. Pago es un dba de Farm Payment Technologies, Inc.<\/p>\n\n\n\t\t<\/div>\n\t\t\t\t\t<\/div>\n\n\t\n\n<\/div>\n<div class=\"row align-equal align-center\"  id=\"row-1307248744\">\n\n\n\t<div id=\"col-1896954012\" class=\"col small-12 large-12\"  >\n\t\t\t\t<div class=\"col-inner text-center\"  >\n\t\t\t\n\t\t\t\n\n<a data-animate=\"bounceInUp\" rel=\"noopener noreferrer\" href=\"https:\/\/jobs.gusto.com\/boards\/pago-b1377e3a-2ab2-4659-8606-604e620ed9bd\" target=\"_blank\" class=\"button primary is-large reveal-icon\"  style=\"border-radius:99px;\">\n  <i class=\"icon-checkmark\" aria-hidden=\"true\" ><\/i>  <span>Posiciones abiertas<\/span>\n  <\/a>\n\n\n\n\t\t<\/div>\n\t\t\t\t\t<\/div>\n\n\t\n\n<\/div>\n\n\t\t<\/div>\n\n\t\t\n<style>\n#section_41175284 {\n  padding-top: 30px;\n  padding-bottom: 30px;\n}\n#section_41175284 .ux-shape-divider--top svg {\n  height: 150px;\n  --divider-top-width: 100%;\n}\n#section_41175284 .ux-shape-divider--bottom svg {\n  height: 150px;\n  --divider-width: 100%;\n}\n<\/style>\n\t<\/section>","protected":false},"excerpt":{"rendered":"","protected":false},"author":2,"featured_media":0,"parent":0,"menu_order":0,"comment_status":"closed","ping_status":"closed","template":"page-blank.php","meta":{"footnotes":""},"class_list":["post-149","page","type-page","status-publish","hentry"],"yoast_head":"<!-- This site is optimized with the Yoast SEO plugin v27.3 - https:\/\/yoast.com\/product\/yoast-seo-wordpress\/ -->\n<title>Careers - Pago<\/title>\n<meta name=\"robots\" content=\"index, follow, max-snippet:-1, max-image-preview:large, max-video-preview:-1\" \/>\n<link rel=\"canonical\" href=\"https:\/\/pago.ag\/es\/careers\/\" \/>\n<meta property=\"og:locale\" content=\"es_MX\" \/>\n<meta property=\"og:type\" content=\"article\" \/>\n<meta property=\"og:title\" content=\"Careers - Pago\" \/>\n<meta property=\"og:url\" content=\"https:\/\/pago.ag\/es\/careers\/\" \/>\n<meta property=\"og:site_name\" content=\"Pago\" \/>\n<meta property=\"article:modified_time\" content=\"2023-02-01T00:35:13+00:00\" \/>\n<meta name=\"twitter:card\" content=\"summary_large_image\" \/>\n<meta name=\"twitter:label1\" content=\"Tiempo de lectura\" \/>\n\t<meta name=\"twitter:data1\" content=\"1 minuto\" \/>\n<script type=\"application\/ld+json\" class=\"yoast-schema-graph\">{\"@context\":\"https:\\\/\\\/schema.org\",\"@graph\":[{\"@type\":\"WebPage\",\"@id\":\"https:\\\/\\\/pago.ag\\\/careers\\\/\",\"url\":\"https:\\\/\\\/pago.ag\\\/careers\\\/\",\"name\":\"Careers - Pago\",\"isPartOf\":{\"@id\":\"https:\\\/\\\/pago.ag\\\/#website\"},\"datePublished\":\"2022-09-23T03:24:13+00:00\",\"dateModified\":\"2023-02-01T00:35:13+00:00\",\"breadcrumb\":{\"@id\":\"https:\\\/\\\/pago.ag\\\/careers\\\/#breadcrumb\"},\"inLanguage\":\"es\",\"potentialAction\":[{\"@type\":\"ReadAction\",\"target\":[\"https:\\\/\\\/pago.ag\\\/careers\\\/\"]}]},{\"@type\":\"BreadcrumbList\",\"@id\":\"https:\\\/\\\/pago.ag\\\/careers\\\/#breadcrumb\",\"itemListElement\":[{\"@type\":\"ListItem\",\"position\":1,\"name\":\"Home\",\"item\":\"https:\\\/\\\/pago.ag\\\/\"},{\"@type\":\"ListItem\",\"position\":2,\"name\":\"Careers\"}]},{\"@type\":\"WebSite\",\"@id\":\"https:\\\/\\\/pago.ag\\\/#website\",\"url\":\"https:\\\/\\\/pago.ag\\\/\",\"name\":\"Pago\",\"description\":\"Pago is an  Ag Labor Platform\",\"publisher\":{\"@id\":\"https:\\\/\\\/pago.ag\\\/#organization\"},\"potentialAction\":[{\"@type\":\"SearchAction\",\"target\":{\"@type\":\"EntryPoint\",\"urlTemplate\":\"https:\\\/\\\/pago.ag\\\/?s={search_term_string}\"},\"query-input\":{\"@type\":\"PropertyValueSpecification\",\"valueRequired\":true,\"valueName\":\"search_term_string\"}}],\"inLanguage\":\"es\"},{\"@type\":\"Organization\",\"@id\":\"https:\\\/\\\/pago.ag\\\/#organization\",\"name\":\"Pago\",\"url\":\"https:\\\/\\\/pago.ag\\\/\",\"logo\":{\"@type\":\"ImageObject\",\"inLanguage\":\"es\",\"@id\":\"https:\\\/\\\/pago.ag\\\/#\\\/schema\\\/logo\\\/image\\\/\",\"url\":\"https:\\\/\\\/pago.ag\\\/wp-content\\\/uploads\\\/2022\\\/07\\\/pago-logo-green.png\",\"contentUrl\":\"https:\\\/\\\/pago.ag\\\/wp-content\\\/uploads\\\/2022\\\/07\\\/pago-logo-green.png\",\"width\":900,\"height\":285,\"caption\":\"Pago\"},\"image\":{\"@id\":\"https:\\\/\\\/pago.ag\\\/#\\\/schema\\\/logo\\\/image\\\/\"}}]}<\/script>\n<!-- \/ Yoast SEO plugin. -->","yoast_head_json":{"title":"Careers - Pago","robots":{"index":"index","follow":"follow","max-snippet":"max-snippet:-1","max-image-preview":"max-image-preview:large","max-video-preview":"max-video-preview:-1"},"canonical":"https:\/\/pago.ag\/es\/careers\/","og_locale":"es_MX","og_type":"article","og_title":"Careers - Pago","og_url":"https:\/\/pago.ag\/es\/careers\/","og_site_name":"Pago","article_modified_time":"2023-02-01T00:35:13+00:00","twitter_card":"summary_large_image","twitter_misc":{"Tiempo de lectura":"1 minuto"},"schema":{"@context":"https:\/\/schema.org","@graph":[{"@type":"WebPage","@id":"https:\/\/pago.ag\/careers\/","url":"https:\/\/pago.ag\/careers\/","name":"Careers - Pago","isPartOf":{"@id":"https:\/\/pago.ag\/#website"},"datePublished":"2022-09-23T03:24:13+00:00","dateModified":"2023-02-01T00:35:13+00:00","breadcrumb":{"@id":"https:\/\/pago.ag\/careers\/#breadcrumb"},"inLanguage":"es","potentialAction":[{"@type":"ReadAction","target":["https:\/\/pago.ag\/careers\/"]}]},{"@type":"BreadcrumbList","@id":"https:\/\/pago.ag\/careers\/#breadcrumb","itemListElement":[{"@type":"ListItem","position":1,"name":"Home","item":"https:\/\/pago.ag\/"},{"@type":"ListItem","position":2,"name":"Careers"}]},{"@type":"WebSite","@id":"https:\/\/pago.ag\/#website","url":"https:\/\/pago.ag\/","name":"Pago","description":"Pago is an  Ag Labor Platform","publisher":{"@id":"https:\/\/pago.ag\/#organization"},"potentialAction":[{"@type":"SearchAction","target":{"@type":"EntryPoint","urlTemplate":"https:\/\/pago.ag\/?s={search_term_string}"},"query-input":{"@type":"PropertyValueSpecification","valueRequired":true,"valueName":"search_term_string"}}],"inLanguage":"es"},{"@type":"Organization","@id":"https:\/\/pago.ag\/#organization","name":"Pago","url":"https:\/\/pago.ag\/","logo":{"@type":"ImageObject","inLanguage":"es","@id":"https:\/\/pago.ag\/#\/schema\/logo\/image\/","url":"https:\/\/pago.ag\/wp-content\/uploads\/2022\/07\/pago-logo-green.png","contentUrl":"https:\/\/pago.ag\/wp-content\/uploads\/2022\/07\/pago-logo-green.png","width":900,"height":285,"caption":"Pago"},"image":{"@id":"https:\/\/pago.ag\/#\/schema\/logo\/image\/"}}]}},"_links":{"self":[{"href":"https:\/\/pago.ag\/es\/wp-json\/wp\/v2\/pages\/149","targetHints":{"allow":["GET"]}}],"collection":[{"href":"https:\/\/pago.ag\/es\/wp-json\/wp\/v2\/pages"}],"about":[{"href":"https:\/\/pago.ag\/es\/wp-json\/wp\/v2\/types\/page"}],"author":[{"embeddable":true,"href":"https:\/\/pago.ag\/es\/wp-json\/wp\/v2\/users\/2"}],"replies":[{"embeddable":true,"href":"https:\/\/pago.ag\/es\/wp-json\/wp\/v2\/comments?post=149"}],"version-history":[{"count":0,"href":"https:\/\/pago.ag\/es\/wp-json\/wp\/v2\/pages\/149\/revisions"}],"wp:attachment":[{"href":"https:\/\/pago.ag\/es\/wp-json\/wp\/v2\/media?parent=149"}],"curies":[{"name":"wp","href":"https:\/\/api.w.org\/{rel}","templated":true}]}}